{"id":5460,"date":"2024-01-30T14:10:59","date_gmt":"2024-01-30T14:10:59","guid":{"rendered":"https:\/\/herredshuset.frifugl.com\/?page_id=5460"},"modified":"2024-06-01T12:32:51","modified_gmt":"2024-06-01T12:32:51","slug":"forside","status":"publish","type":"page","link":"https:\/\/mollertun.no\/en\/","title":{"rendered":"Home"},"content":{"rendered":"<div class=\"gb-container gb-container-3ebf944a\">\n<div class=\"gb-container gb-container-5c41fe78\">\n<div class=\"gb-container gb-container-e3caf97f\">\n\n<h1 class=\"gb-headline gb-headline-3f2906de gb-headline-text\">M\u00f8llertunet - apartments at Gibostad<\/h1>\n\n\n\n<p class=\"gb-headline gb-headline-4642df67 gb-headline-text\">Find your new home in the housing association M\u00f8llertunet<\/p>\n\n\n\n<p><\/p>\n\n\n\n<a class=\"gb-button gb-button-bc98bef8 gb-button-text smooth-scroll\" href=\"\/en\/boliger\/\">See our apartments<\/a>\n\n<\/div>\n<\/div>\n<div class=\"gb-shapes\"><div class=\"gb-shape gb-shape-1\"><svg xmlns=\"http:\/\/www.w3.org\/2000\/svg\" viewbox=\"0 0 1200 360\" preserveaspectratio=\"none\"><path d=\"M1200 360H0V0l1200 348z\"\/><\/svg><\/div><\/div><\/div>\n\n<div class=\"gb-container gb-container-34bc0d13\">\n<div class=\"gb-container gb-container-a3c7736b\">\n<div class=\"gb-container gb-container-76c4b4ee\">\n\n<h2 class=\"gb-headline gb-headline-c6ad2351 gb-headline-text\">Find your new home with us<\/h2>\n\n\n\n<p>We are building 12 modern two-room, three-room and four-room apartments with water-borne heat and a good standard spread over two apartment buildings in Gibostad.<\/p>\n\n\n\n<p>The sale of apartments in M\u00f8llertunet is now underway. The project is pre-approved for Husbank financing.<\/p>\n\n\n\n<p>This project is part of Pilot Senja building in the district, where the buyer can apply for a loss guarantee from Senja municipality. This means that the guarantee secures 85% of the purchase price in case of resale after year 3. The guarantee sum is adjusted annually with price growth in the national housing market. Contact broker for information.<\/p>\n\n\n\n<p><a href=\"https:\/\/www.finn.no\/realestate\/project\/ad.html?finnkode=354116485&amp;location=1.20019.22115\" target=\"_blank\" rel=\"noreferrer noopener\">If interested, the broker can be contacted for further information on the purchase and financing of the apartments in M\u00f8llertunet<\/a>.<\/p>\n\n\n\n<p>Herredshuset Utbygging AS has a comprehensive approach to all projects, from planning and design to construction and aftermarket service.<\/p>\n\n\n\n<p>Every home we build is the result of meticulous craftsmanship, sustainable materials and innovative solutions that improve the quality of life.<\/p>\n\n<\/div>\n\n<div class=\"gb-container gb-container-f2b0c779\">\n\n<p class=\"gb-headline gb-headline-2bae454d gb-headline-text\">Get in touch to be contacted by one of our brokers<\/p>\n\n\n<div class=\"frm_forms  with_frm_style frm_style_formidable-style\" id=\"frm_form_1_container\" >\n<form enctype=\"multipart\/form-data\" method=\"post\" class=\"frm-show-form\" id=\"form_contact-form\" action=\"\" >\n<div class=\"frm_form_fields\">\n<fieldset>\n<legend class=\"frm_screen_reader\">Contact us<\/legend>\r\n\r\n<div class=\"frm_fields_container\">\n<input type=\"hidden\" name=\"frm_action\" value=\"create\" \/>\n<input type=\"hidden\" name=\"form_id\" value=\"1\" \/>\n<input type=\"hidden\" name=\"frm_hide_fields_1\" id=\"frm_hide_fields_1\" value=\"\" \/>\n<input type=\"hidden\" name=\"form_key\" value=\"contact-form\" \/>\n<input type=\"hidden\" name=\"item_meta[0]\" value=\"\" \/>\n<input type=\"hidden\" id=\"frm_submit_entry_1\" name=\"frm_submit_entry_1\" value=\"4f1b4e5dcf\" \/><input type=\"hidden\" name=\"_wp_http_referer\" value=\"\/en\/wp-json\/wp\/v2\/pages\/5460\" \/><div id=\"frm_field_1_container\" class=\"frm_form_field form-field  frm_required_field frm_top_container frm_first frm_half\">\r\n    <label for=\"field_qh4icy\" id=\"field_qh4icy_label\" class=\"frm_primary_label\">Name\r\n        <span class=\"frm_required\" aria-hidden=\"true\">*<\/span>\r\n    <\/label>\r\n    <input type=\"text\" id=\"field_qh4icy\" name=\"item_meta[1]\" value=\"\"  data-reqmsg=\"Navn cannot be blank.\" aria-required=\"true\" data-invmsg=\"Name is invalid\" aria-invalid=\"false\"   aria-describedby=\"frm_desc_field_qh4icy\"\/>\r\n    <div class=\"frm_description\" id=\"frm_desc_field_qh4icy\">First name<\/div>\r\n    \r\n<\/div>\n<div id=\"frm_field_2_container\" class=\"frm_form_field form-field  frm_required_field frm_hidden_container frm_half\">\r\n    <label for=\"field_ocfup1\" id=\"field_ocfup1_label\" class=\"frm_primary_label\">Last name\r\n        <span class=\"frm_required\" aria-hidden=\"true\">*<\/span>\r\n    <\/label>\r\n    <input type=\"text\" id=\"field_ocfup1\" name=\"item_meta[2]\" value=\"\"  data-reqmsg=\"Etternavn cannot be blank.\" aria-required=\"true\" data-invmsg=\"Last is invalid\" aria-invalid=\"false\"   aria-describedby=\"frm_desc_field_ocfup1\"\/>\r\n    <div class=\"frm_description\" id=\"frm_desc_field_ocfup1\">Last name<\/div>\r\n    \r\n<\/div>\n<div id=\"frm_field_3_container\" class=\"frm_form_field form-field  frm_required_field frm_top_container frm_full\">\r\n    <label for=\"field_29yf4d\" id=\"field_29yf4d_label\" class=\"frm_primary_label\">Email\r\n        <span class=\"frm_required\" aria-hidden=\"true\">*<\/span>\r\n    <\/label>\r\n    <input type=\"email\" id=\"field_29yf4d\" name=\"item_meta[3]\" value=\"\"  data-reqmsg=\"Epost cannot be blank.\" aria-required=\"true\" data-invmsg=\"Please enter a valid email address\" aria-invalid=\"false\"   aria-describedby=\"frm_desc_field_29yf4d\"\/>\r\n    <div class=\"frm_description\" id=\"frm_desc_field_29yf4d\">Your email<\/div>\r\n    \r\n<\/div>\n<div id=\"frm_field_80_container\" class=\"frm_form_field  frm_html_container form-field\">\n<p>Are you looking for a new home? Contact us by filling in this form, and one of our brokers will contact you shortly<\/p>\n<\/div>\n<div id=\"frm_field_5_container\" class=\"frm_form_field form-field  frm_required_field frm_top_container frm_full\">\r\n    <label for=\"field_9jv0r1\" id=\"field_9jv0r1_label\" class=\"frm_primary_label\">Message\r\n        <span class=\"frm_required\" aria-hidden=\"true\">*<\/span>\r\n    <\/label>\r\n    <textarea name=\"item_meta[5]\" id=\"field_9jv0r1\" rows=\"5\"  data-reqmsg=\"Beskjed cannot be blank.\" aria-required=\"true\" data-invmsg=\"Message is invalid\" aria-invalid=\"false\"   aria-describedby=\"frm_desc_field_9jv0r1\"><\/textarea>\r\n    <div class=\"frm_description\" id=\"frm_desc_field_9jv0r1\">Your message here<\/div>\r\n    \r\n<\/div>\n<div id=\"frm_field_95_container\" class=\"frm_form_field form-field  frm_required_field frm_top_container vertical_radio\">\r\n    <div  id=\"field_doh4a_label\" class=\"frm_primary_label\">Confirmation\r\n        <span class=\"frm_required\" aria-hidden=\"true\">*<\/span>\r\n    <\/div>\r\n    <div class=\"frm_opt_container\" aria-labelledby=\"field_doh4a_label\" role=\"group\">\t\t<div class=\"frm_checkbox\" id=\"frm_checkbox_95-0\">\t\t\t<label  for=\"field_doh4a-0\">\n\t\t\t<input type=\"checkbox\" name=\"item_meta[95][]\" id=\"field_doh4a-0\" value=\"Jeg bekrefter at jeg har lest &lt;a title=&quot;Les i egen fane&quot; target=&quot;_blank&quot; href=&quot;\/?page_id=3&quot;&gt;regler for personvern&lt;\/a&gt; for nettsidene til Herredshuset Utbygging AS\"  data-reqmsg=\"Bekreftelse cannot be blank.\" data-invmsg=\"Bekreftelse is invalid\"   aria-required=\"true\"  \/> I confirm that I have read <a title=\"Read in new tab\" target=\"_blank\" href=\"\/en\/?page_id=3\">the privacy policy<\/a> of Herredshuset Utbygging AS<\/label><\/div>\n<\/div>\r\n    \r\n    \r\n<\/div>\n<div id=\"frm_field_96_container\" class=\"frm_form_field form-field\">\r\n\t<div class=\"frm_submit\">\r\n\r\n<button class=\"frm_button_submit\" type=\"submit\"  >Send<\/button>\r\n\r\n\r\n<\/div>\r\n<\/div>\n\t<input type=\"hidden\" name=\"item_key\" value=\"\" \/>\n\t\t\t<div id=\"frm_field_97_container\">\n\t\t\t<label for=\"field_cmqr8\" >\n\t\t\t\tIf you are human, leave this field blank.\t\t\t<\/label>\n\t\t\t<input  id=\"field_cmqr8\" type=\"text\" class=\"frm_form_field form-field frm_verify\" name=\"item_meta[97]\" value=\"\"  \/>\n\t\t<\/div>\n\t\t<input name=\"frm_state\" type=\"hidden\" value=\"pKfwvn6kDDCrC\/CLq6ex6+50SbpFjDwRQtxYHioyUsQ=\" \/><\/div>\n<\/fieldset>\n<\/div>\n\n<input type=\"hidden\" name=\"trp-form-language\" value=\"en\"\/><\/form>\n<\/div>\n\n<\/div>\n<\/div>\n<\/div>","protected":false},"excerpt":{"rendered":"<p>M\u00f8llertunet &#8211; leiligheter p\u00e5 Gibostad Finn ditt nye hjem i boligsameiet M\u00f8llertunet Finn ditt nye hjem hos oss Vi bygger 12 moderne to-roms, tre-roms og fire-roms leiligheter med vannb\u00e5ren varme og god standard fordelt p\u00e5 to leilighetsbygg p\u00e5 Gibostad. Salget av leiligheter i M\u00f8llertunet er n\u00e5 i gang. Prosjektet er forh\u00e5ndsgodkjent for Husbankfinansiering. Dette prosjektet &#8230; <a title=\"Home\" class=\"read-more\" href=\"https:\/\/mollertun.no\/en\/\" aria-label=\"Read more about Forside\">Read more<\/a><\/p>","protected":false},"author":1,"featured_media":0,"parent":0,"menu_order":0,"comment_status":"closed","ping_status":"closed","template":"","meta":{"footnotes":""},"class_list":{"0":"post-5460","1":"page","2":"type-page","3":"status-publish","5":"no-featured-image-padding"},"aioseo_notices":[],"_links":{"self":[{"href":"https:\/\/mollertun.no\/en\/wp-json\/wp\/v2\/pages\/5460","targetHints":{"allow":["GET"]}}],"collection":[{"href":"https:\/\/mollertun.no\/en\/wp-json\/wp\/v2\/pages"}],"about":[{"href":"https:\/\/mollertun.no\/en\/wp-json\/wp\/v2\/types\/page"}],"author":[{"embeddable":true,"href":"https:\/\/mollertun.no\/en\/wp-json\/wp\/v2\/users\/1"}],"replies":[{"embeddable":true,"href":"https:\/\/mollertun.no\/en\/wp-json\/wp\/v2\/comments?post=5460"}],"version-history":[{"count":27,"href":"https:\/\/mollertun.no\/en\/wp-json\/wp\/v2\/pages\/5460\/revisions"}],"predecessor-version":[{"id":5762,"href":"https:\/\/mollertun.no\/en\/wp-json\/wp\/v2\/pages\/5460\/revisions\/5762"}],"wp:attachment":[{"href":"https:\/\/mollertun.no\/en\/wp-json\/wp\/v2\/media?parent=5460"}],"curies":[{"name":"wp","href":"https:\/\/api.w.org\/{rel}","templated":true}]}}