{"id":5563,"date":"2024-02-02T10:51:07","date_gmt":"2024-02-02T10:51:07","guid":{"rendered":"https:\/\/herredshuset.frifugl.com\/?page_id=5563"},"modified":"2024-05-31T18:53:16","modified_gmt":"2024-05-31T18:53:16","slug":"kontakt-oss","status":"publish","type":"page","link":"https:\/\/mollertun.no\/en\/kontakt-oss\/","title":{"rendered":"Contact us"},"content":{"rendered":"<div class=\"gb-container gb-container-be8dc4d9\">\n<div class=\"gb-container gb-container-3fedabe3\">\n\n<h2 class=\"gb-headline gb-headline-52752b99 gb-headline-text\">How can we help you?<\/h2>\n\n\n\n<p class=\"gb-headline gb-headline-07264e8a gb-headline-text\">If you have questions for us, or would like information about one of our homes, you can get in touch by filling in the form.<\/p>\n\n\n\n<p>Contact broker with Eiendomsmegler 1:<\/p>\n\n\n\n<p>Mats Eirik Olsen<\/p>\n\n\n\n<p>Phone: + 47 930 11 511<\/p>\n\n\n\n<p>Email: <a href=\"mailto:meo@em1nn.no\" target=\"_blank\" rel=\"noreferrer noopener\">meo @ em1nn.no<\/a><\/p>\n\n\n\n<p>Thank you for your interest in Herredshuset Utvikling AS<\/p>\n\n\n<div class=\"gb-container gb-container-f786b35d\">\n<div class=\"gb-container gb-container-80362217\">\n\n<p class=\"gb-headline gb-headline-32d3b59b gb-headline-text\">Contact<\/p>\n\n\n\n<p class=\"gb-headline gb-headline-62aba540\"><span class=\"gb-icon\"><svg aria-hidden=\"true\" role=\"img\" height=\"1em\" width=\"1em\" viewbox=\"0 0 512 512\" xmlns=\"http:\/\/www.w3.org\/2000\/svg\"><path fill=\"currentColor\" d=\"M493.4 24.6l-104-24c-11.3-2.6-22.9 3.3-27.5 13.9l-48 112c-4.2 9.8-1.4 21.3 6.9 28l60.6 49.6c-36 76.7-98.9 140.5-177.2 177.2l-49.6-60.6c-6.8-8.3-18.2-11.1-28-6.9l-112 48C3.9 366.5-2 378.1.6 389.4l24 104C27.1 504.2 36.7 512 48 512c256.1 0 464-207.5 464-464 0-11.2-7.7-20.9-18.6-23.4z\"><\/path><\/svg><\/span><span class=\"gb-headline-text\"><a href=\"tel:+4790028859\">900 28 859<\/a><\/span><\/p>\n\n<\/div>\n\n<div class=\"gb-container gb-container-79379ec2\">\n\n<p class=\"gb-headline gb-headline-b2267d1d gb-headline-text\">Address<\/p>\n\n\n\n<p class=\"has-small-font-size\">Herredshuset Utvikling AS<br>Gibostad<br>9389 Hus\u00f8y | Senja<\/p>\n\n<\/div>\n<\/div>\n<\/div>\n\n<div class=\"gb-container gb-container-63e69ae8\">\n<div class=\"frm_forms  with_frm_style frm_style_formidable-style\" id=\"frm_form_1_container\" >\n<form enctype=\"multipart\/form-data\" method=\"post\" class=\"frm-show-form\" id=\"form_contact-form\" action=\"\" >\n<div class=\"frm_form_fields\">\n<fieldset>\n<legend class=\"frm_screen_reader\">Contact us<\/legend>\r\n\r\n<div class=\"frm_fields_container\">\n<input type=\"hidden\" name=\"frm_action\" value=\"create\" \/>\n<input type=\"hidden\" name=\"form_id\" value=\"1\" \/>\n<input type=\"hidden\" name=\"frm_hide_fields_1\" id=\"frm_hide_fields_1\" value=\"\" \/>\n<input type=\"hidden\" name=\"form_key\" value=\"contact-form\" \/>\n<input type=\"hidden\" name=\"item_meta[0]\" value=\"\" \/>\n<input type=\"hidden\" id=\"frm_submit_entry_1\" name=\"frm_submit_entry_1\" value=\"4f1b4e5dcf\" \/><input type=\"hidden\" name=\"_wp_http_referer\" value=\"\/en\/wp-json\/wp\/v2\/pages\/5563\" \/><div id=\"frm_field_1_container\" class=\"frm_form_field form-field  frm_required_field frm_top_container frm_first frm_half\">\r\n    <label for=\"field_qh4icy\" id=\"field_qh4icy_label\" class=\"frm_primary_label\">Name\r\n        <span class=\"frm_required\" aria-hidden=\"true\">*<\/span>\r\n    <\/label>\r\n    <input type=\"text\" id=\"field_qh4icy\" name=\"item_meta[1]\" value=\"\"  data-reqmsg=\"Navn cannot be blank.\" aria-required=\"true\" data-invmsg=\"Name is invalid\" aria-invalid=\"false\"   aria-describedby=\"frm_desc_field_qh4icy\"\/>\r\n    <div class=\"frm_description\" id=\"frm_desc_field_qh4icy\">First name<\/div>\r\n    \r\n<\/div>\n<div id=\"frm_field_2_container\" class=\"frm_form_field form-field  frm_required_field frm_hidden_container frm_half\">\r\n    <label for=\"field_ocfup1\" id=\"field_ocfup1_label\" class=\"frm_primary_label\">Last name\r\n        <span class=\"frm_required\" aria-hidden=\"true\">*<\/span>\r\n    <\/label>\r\n    <input type=\"text\" id=\"field_ocfup1\" name=\"item_meta[2]\" value=\"\"  data-reqmsg=\"Etternavn cannot be blank.\" aria-required=\"true\" data-invmsg=\"Last is invalid\" aria-invalid=\"false\"   aria-describedby=\"frm_desc_field_ocfup1\"\/>\r\n    <div class=\"frm_description\" id=\"frm_desc_field_ocfup1\">Last name<\/div>\r\n    \r\n<\/div>\n<div id=\"frm_field_3_container\" class=\"frm_form_field form-field  frm_required_field frm_top_container frm_full\">\r\n    <label for=\"field_29yf4d\" id=\"field_29yf4d_label\" class=\"frm_primary_label\">Email\r\n        <span class=\"frm_required\" aria-hidden=\"true\">*<\/span>\r\n    <\/label>\r\n    <input type=\"email\" id=\"field_29yf4d\" name=\"item_meta[3]\" value=\"\"  data-reqmsg=\"Epost cannot be blank.\" aria-required=\"true\" data-invmsg=\"Please enter a valid email address\" aria-invalid=\"false\"   aria-describedby=\"frm_desc_field_29yf4d\"\/>\r\n    <div class=\"frm_description\" id=\"frm_desc_field_29yf4d\">Your email<\/div>\r\n    \r\n<\/div>\n<div id=\"frm_field_80_container\" class=\"frm_form_field  frm_html_container form-field\">\n<p>Are you looking for a new home? Contact us by filling in this form, and one of our brokers will contact you shortly<\/p>\n<\/div>\n<div id=\"frm_field_5_container\" class=\"frm_form_field form-field  frm_required_field frm_top_container frm_full\">\r\n    <label for=\"field_9jv0r1\" id=\"field_9jv0r1_label\" class=\"frm_primary_label\">Message\r\n        <span class=\"frm_required\" aria-hidden=\"true\">*<\/span>\r\n    <\/label>\r\n    <textarea name=\"item_meta[5]\" id=\"field_9jv0r1\" rows=\"5\"  data-reqmsg=\"Beskjed cannot be blank.\" aria-required=\"true\" data-invmsg=\"Message is invalid\" aria-invalid=\"false\"   aria-describedby=\"frm_desc_field_9jv0r1\"><\/textarea>\r\n    <div class=\"frm_description\" id=\"frm_desc_field_9jv0r1\">Your message here<\/div>\r\n    \r\n<\/div>\n<div id=\"frm_field_95_container\" class=\"frm_form_field form-field  frm_required_field frm_top_container vertical_radio\">\r\n    <div  id=\"field_doh4a_label\" class=\"frm_primary_label\">Confirmation\r\n        <span class=\"frm_required\" aria-hidden=\"true\">*<\/span>\r\n    <\/div>\r\n    <div class=\"frm_opt_container\" aria-labelledby=\"field_doh4a_label\" role=\"group\">\t\t<div class=\"frm_checkbox\" id=\"frm_checkbox_95-0\">\t\t\t<label  for=\"field_doh4a-0\">\n\t\t\t<input type=\"checkbox\" name=\"item_meta[95][]\" id=\"field_doh4a-0\" value=\"Jeg bekrefter at jeg har lest &lt;a title=&quot;Les i egen fane&quot; target=&quot;_blank&quot; href=&quot;\/?page_id=3&quot;&gt;regler for personvern&lt;\/a&gt; for nettsidene til Herredshuset Utbygging AS\"  data-reqmsg=\"Bekreftelse cannot be blank.\" data-invmsg=\"Bekreftelse is invalid\"   aria-required=\"true\"  \/> I confirm that I have read <a title=\"Read in new tab\" target=\"_blank\" href=\"\/en\/?page_id=3\">the privacy policy<\/a> of Herredshuset Utbygging AS<\/label><\/div>\n<\/div>\r\n    \r\n    \r\n<\/div>\n<div id=\"frm_field_96_container\" class=\"frm_form_field form-field\">\r\n\t<div class=\"frm_submit\">\r\n\r\n<button class=\"frm_button_submit\" type=\"submit\"  >Send<\/button>\r\n\r\n\r\n<\/div>\r\n<\/div>\n\t<input type=\"hidden\" name=\"item_key\" value=\"\" \/>\n\t\t\t<div id=\"frm_field_97_container\">\n\t\t\t<label for=\"field_tlgr9\" >\n\t\t\t\tIf you are human, leave this field blank.\t\t\t<\/label>\n\t\t\t<input  id=\"field_tlgr9\" type=\"text\" class=\"frm_form_field form-field frm_verify\" name=\"item_meta[97]\" value=\"\"  \/>\n\t\t<\/div>\n\t\t<input name=\"frm_state\" type=\"hidden\" value=\"pKfwvn6kDDCrC\/CLq6ex6+50SbpFjDwRQtxYHioyUsQ=\" \/><\/div>\n<\/fieldset>\n<\/div>\n\n<input type=\"hidden\" name=\"trp-form-language\" value=\"en\"\/><\/form>\n<\/div>\n\n<\/div>\n<\/div>","protected":false},"excerpt":{"rendered":"<p>Hvordan kan vi hjelpe deg? Har du sp\u00f8rsm\u00e5l til oss, eller \u00f8nsker informasjon om en av boligene v\u00e5re, s\u00e5 f\u00e5r du kontakt ved \u00e5 fylle ut skjemaet. Kontakt megler i Eiendomsmegler1: Mats Eirik Olsen Telefon: 930 11 511 E-post: meo @ em1nn.no Takk for din interesse for Herredshuset Utvikling AS Kontakt 900 28 859 Adresseinfo &#8230; <a title=\"Contact us\" class=\"read-more\" href=\"https:\/\/mollertun.no\/en\/kontakt-oss\/\" aria-label=\"Read more about Kontakt oss\">Read more<\/a><\/p>","protected":false},"author":1,"featured_media":0,"parent":0,"menu_order":0,"comment_status":"closed","ping_status":"closed","template":"","meta":{"footnotes":""},"class_list":{"0":"post-5563","1":"page","2":"type-page","3":"status-publish","5":"no-featured-image-padding"},"aioseo_notices":[],"_links":{"self":[{"href":"https:\/\/mollertun.no\/en\/wp-json\/wp\/v2\/pages\/5563","targetHints":{"allow":["GET"]}}],"collection":[{"href":"https:\/\/mollertun.no\/en\/wp-json\/wp\/v2\/pages"}],"about":[{"href":"https:\/\/mollertun.no\/en\/wp-json\/wp\/v2\/types\/page"}],"author":[{"embeddable":true,"href":"https:\/\/mollertun.no\/en\/wp-json\/wp\/v2\/users\/1"}],"replies":[{"embeddable":true,"href":"https:\/\/mollertun.no\/en\/wp-json\/wp\/v2\/comments?post=5563"}],"version-history":[{"count":7,"href":"https:\/\/mollertun.no\/en\/wp-json\/wp\/v2\/pages\/5563\/revisions"}],"predecessor-version":[{"id":5757,"href":"https:\/\/mollertun.no\/en\/wp-json\/wp\/v2\/pages\/5563\/revisions\/5757"}],"wp:attachment":[{"href":"https:\/\/mollertun.no\/en\/wp-json\/wp\/v2\/media?parent=5563"}],"curies":[{"name":"wp","href":"https:\/\/api.w.org\/{rel}","templated":true}]}}